{"id":8,"date":"2025-06-26T15:05:10","date_gmt":"2025-06-26T18:05:10","guid":{"rendered":"https:\/\/beneficios.fenati.org.br\/institucional\/?page_id=8"},"modified":"2025-10-31T15:37:35","modified_gmt":"2025-10-31T18:37:35","slug":"o-que-e","status":"publish","type":"page","link":"https:\/\/beneficios.fenati.org.br\/institucional\/","title":{"rendered":"O que \u00e9"},"content":{"rendered":"\t\t<div data-elementor-type=\"wp-page\" data-elementor-id=\"8\" class=\"elementor elementor-8\" data-elementor-post-type=\"page\">\n\t\t\t\t<div class=\"elementor-element elementor-element-5a1133b e-flex e-con-boxed e-con e-parent\" data-id=\"5a1133b\" data-element_type=\"container\">\n\t\t\t\t\t<div class=\"e-con-inner\">\n\t\t<div class=\"elementor-element elementor-element-456dad7 e-con-full e-flex e-con e-child\" data-id=\"456dad7\" data-element_type=\"container\">\n\t\t\t\t<div class=\"elementor-element elementor-element-a91a5ac elementor-widget elementor-widget-text-editor\" data-id=\"a91a5ac\" data-element_type=\"widget\" data-widget_type=\"text-editor.default\">\n\t\t\t\t<div class=\"elementor-widget-container\">\n\t\t\t\t\t\t\t\t\t<h3>Portal de Benef\u00edcios FENATI \u2014 Vantagens exclusivas para quem \u00e9 associado<\/h3><p>O Portal de Benef\u00edcios Fenati \u00e9 uma plataforma exclusiva desenvolvida pela <a href=\"https:\/\/fenati.org.br\/\" target=\"_blank\" rel=\"noopener\"><strong><span style=\"color: #000000;\">Federa\u00e7\u00e3o Nacional dos Trabalhadores em Tecnologia da Informa\u00e7\u00e3o<\/span><\/strong><\/a>, com o objetivo de valorizar ainda mais seus associados. Pelo site, os s\u00f3cios e contribuintes dos sindicatos integrados \u00e0 Fenati<span style=\"color: #000000;\"> <a style=\"color: #000000;\" href=\"https:\/\/fenati.org.br\/sindicatos-filiados\" target=\"_blank\" rel=\"noopener\"><strong>(confira a lista aqui)<\/strong><\/a><\/span>, t\u00eam acesso a uma ampla rede de empresas parceiras que oferecem descontos especiais em diversos produtos e servi\u00e7os.<\/p><p>Ao acessar o portal, o associado pode facilmente gerar vouchers de desconto para utilizar diretamente com os parceiros credenciados. \u00c9 uma forma pr\u00e1tica, r\u00e1pida e segura de aproveitar vantagens que fazem a diferen\u00e7a no dia a dia, refor\u00e7ando o compromisso da Fenati com o bem-estar e a qualidade de vida de seus membros.<\/p><p>H\u00e1 descontos em cinema, cursos, hot\u00e9is e at\u00e9 para seu pr\u00f3ximo carro novo! Explore todos os benef\u00edcios dispon\u00edveis em nosso portal e aproveite as vantagens exclusivas para voc\u00ea, s\u00f3cio e contribuinte dos sindicatos\u00a0da\u00a0Fenati!<\/p><p>\u00a0<\/p><p><!--EndFragment --><\/p>\t\t\t\t\t\t\t\t<\/div>\n\t\t\t\t<\/div>\n\t\t\t\t<\/div>\n\t\t<div class=\"elementor-element elementor-element-9169fcf e-con-full e-flex e-con e-child\" data-id=\"9169fcf\" data-element_type=\"container\">\n\t\t\t\t<div class=\"elementor-element elementor-element-bf931cb elementor-widget elementor-widget-sidebar\" data-id=\"bf931cb\" data-element_type=\"widget\" data-widget_type=\"sidebar.default\">\n\t\t\t\t<div class=\"elementor-widget-container\">\n\t\t\t\t\t<li id=\"block-7\" class=\"widget widget_block widget_media_image\">\n<figure class=\"wp-block-image size-full\"><img fetchpriority=\"high\" decoding=\"async\" fetchpriority=\"high\" width=\"320\" height=\"420\" src=\"https:\/\/beneficios.fenati.org.br\/institucional\/wp-content\/uploads\/2025\/06\/banner-colonia-vertical-1.png\" alt=\"\" class=\"wp-image-126\" srcset=\"https:\/\/beneficios.fenati.org.br\/institucional\/wp-content\/uploads\/2025\/06\/banner-colonia-vertical-1.png 320w, https:\/\/beneficios.fenati.org.br\/institucional\/wp-content\/uploads\/2025\/06\/banner-colonia-vertical-1-229x300.png 229w\" sizes=\"(max-width: 320px) 100vw, 320px\" \/><\/figure>\n<\/li>\n\t\t\t\t<\/div>\n\t\t\t\t<\/div>\n\t\t\t\t<\/div>\n\t\t\t\t\t<\/div>\n\t\t\t\t<\/div>\n\t\t\t\t<\/div>\n\t\t","protected":false},"excerpt":{"rendered":"<p>Portal de Benef\u00edcios FENATI \u2014 Vantagens exclusivas para quem \u00e9 associado O Portal de Benef\u00edcios Fenati \u00e9 uma plataforma exclusiva desenvolvida pela Federa\u00e7\u00e3o Nacional dos Trabalhadores em Tecnologia da Informa\u00e7\u00e3o, com o objetivo de valorizar ainda mais seus associados. Pelo site, os s\u00f3cios e contribuintes dos sindicatos integrados \u00e0 Fenati (confira a lista aqui), t\u00eam [&hellip;]<\/p>\n","protected":false},"author":1,"featured_media":0,"parent":0,"menu_order":0,"comment_status":"closed","ping_status":"closed","template":"","meta":{"footnotes":""},"class_list":["post-8","page","type-page","status-publish","hentry"],"yoast_head":"<!-- This site is optimized with the Yoast SEO plugin v26.8 - https:\/\/yoast.com\/product\/yoast-seo-wordpress\/ -->\n<title>O que \u00e9 - Benef\u00edcios FENATI<\/title>\n<meta name=\"robots\" content=\"index, follow, max-snippet:-1, max-image-preview:large, max-video-preview:-1\" \/>\n<link rel=\"canonical\" href=\"https:\/\/beneficios.fenati.org.br\/institucional\/\" \/>\n<meta property=\"og:locale\" content=\"pt_BR\" \/>\n<meta property=\"og:type\" content=\"article\" \/>\n<meta property=\"og:title\" content=\"O que \u00e9 - Benef\u00edcios FENATI\" \/>\n<meta property=\"og:description\" content=\"Portal de Benef\u00edcios FENATI \u2014 Vantagens exclusivas para quem \u00e9 associado O Portal de Benef\u00edcios Fenati \u00e9 uma plataforma exclusiva desenvolvida pela Federa\u00e7\u00e3o Nacional dos Trabalhadores em Tecnologia da Informa\u00e7\u00e3o, com o objetivo de valorizar ainda mais seus associados. Pelo site, os s\u00f3cios e contribuintes dos sindicatos integrados \u00e0 Fenati (confira a lista aqui), t\u00eam [&hellip;]\" \/>\n<meta property=\"og:url\" content=\"https:\/\/beneficios.fenati.org.br\/institucional\/\" \/>\n<meta property=\"og:site_name\" content=\"Benef\u00edcios FENATI\" \/>\n<meta property=\"article:modified_time\" content=\"2025-10-31T18:37:35+00:00\" \/>\n<meta name=\"twitter:card\" content=\"summary_large_image\" \/>\n<meta name=\"twitter:label1\" content=\"Est. tempo de leitura\" \/>\n\t<meta name=\"twitter:data1\" content=\"2 minutos\" \/>\n<script type=\"application\/ld+json\" class=\"yoast-schema-graph\">{\"@context\":\"https:\/\/schema.org\",\"@graph\":[{\"@type\":\"WebPage\",\"@id\":\"https:\/\/beneficios.fenati.org.br\/institucional\/\",\"url\":\"https:\/\/beneficios.fenati.org.br\/institucional\/\",\"name\":\"O que \u00e9 - Benef\u00edcios FENATI\",\"isPartOf\":{\"@id\":\"https:\/\/beneficios.fenati.org.br\/institucional\/#website\"},\"datePublished\":\"2025-06-26T18:05:10+00:00\",\"dateModified\":\"2025-10-31T18:37:35+00:00\",\"breadcrumb\":{\"@id\":\"https:\/\/beneficios.fenati.org.br\/institucional\/#breadcrumb\"},\"inLanguage\":\"pt-BR\",\"potentialAction\":[{\"@type\":\"ReadAction\",\"target\":[\"https:\/\/beneficios.fenati.org.br\/institucional\/\"]}]},{\"@type\":\"BreadcrumbList\",\"@id\":\"https:\/\/beneficios.fenati.org.br\/institucional\/#breadcrumb\",\"itemListElement\":[{\"@type\":\"ListItem\",\"position\":1,\"name\":\"Home\",\"item\":\"https:\/\/beneficios.fenati.org.br\/institucional\/\"},{\"@type\":\"ListItem\",\"position\":2,\"name\":\"O que \u00e9\"}]},{\"@type\":\"WebSite\",\"@id\":\"https:\/\/beneficios.fenati.org.br\/institucional\/#website\",\"url\":\"https:\/\/beneficios.fenati.org.br\/institucional\/\",\"name\":\"Benef\u00edcios FENATI\",\"description\":\"Clube de benef\u00edcios dos profissionais de TI\",\"publisher\":{\"@id\":\"https:\/\/beneficios.fenati.org.br\/institucional\/#organization\"},\"potentialAction\":[{\"@type\":\"SearchAction\",\"target\":{\"@type\":\"EntryPoint\",\"urlTemplate\":\"https:\/\/beneficios.fenati.org.br\/institucional\/?s={search_term_string}\"},\"query-input\":{\"@type\":\"PropertyValueSpecification\",\"valueRequired\":true,\"valueName\":\"search_term_string\"}}],\"inLanguage\":\"pt-BR\"},{\"@type\":\"Organization\",\"@id\":\"https:\/\/beneficios.fenati.org.br\/institucional\/#organization\",\"name\":\"Benef\u00edcios FENATI\",\"url\":\"https:\/\/beneficios.fenati.org.br\/institucional\/\",\"logo\":{\"@type\":\"ImageObject\",\"inLanguage\":\"pt-BR\",\"@id\":\"https:\/\/beneficios.fenati.org.br\/institucional\/#\/schema\/logo\/image\/\",\"url\":\"https:\/\/beneficios.fenati.org.br\/institucional\/wp-content\/uploads\/2025\/06\/logo_300x50.webp\",\"contentUrl\":\"https:\/\/beneficios.fenati.org.br\/institucional\/wp-content\/uploads\/2025\/06\/logo_300x50.webp\",\"width\":350,\"height\":50,\"caption\":\"Benef\u00edcios FENATI\"},\"image\":{\"@id\":\"https:\/\/beneficios.fenati.org.br\/institucional\/#\/schema\/logo\/image\/\"}}]}<\/script>\n<!-- \/ Yoast SEO plugin. -->","yoast_head_json":{"title":"O que \u00e9 - Benef\u00edcios FENATI","robots":{"index":"index","follow":"follow","max-snippet":"max-snippet:-1","max-image-preview":"max-image-preview:large","max-video-preview":"max-video-preview:-1"},"canonical":"https:\/\/beneficios.fenati.org.br\/institucional\/","og_locale":"pt_BR","og_type":"article","og_title":"O que \u00e9 - Benef\u00edcios FENATI","og_description":"Portal de Benef\u00edcios FENATI \u2014 Vantagens exclusivas para quem \u00e9 associado O Portal de Benef\u00edcios Fenati \u00e9 uma plataforma exclusiva desenvolvida pela Federa\u00e7\u00e3o Nacional dos Trabalhadores em Tecnologia da Informa\u00e7\u00e3o, com o objetivo de valorizar ainda mais seus associados. Pelo site, os s\u00f3cios e contribuintes dos sindicatos integrados \u00e0 Fenati (confira a lista aqui), t\u00eam [&hellip;]","og_url":"https:\/\/beneficios.fenati.org.br\/institucional\/","og_site_name":"Benef\u00edcios FENATI","article_modified_time":"2025-10-31T18:37:35+00:00","twitter_card":"summary_large_image","twitter_misc":{"Est. tempo de leitura":"2 minutos"},"schema":{"@context":"https:\/\/schema.org","@graph":[{"@type":"WebPage","@id":"https:\/\/beneficios.fenati.org.br\/institucional\/","url":"https:\/\/beneficios.fenati.org.br\/institucional\/","name":"O que \u00e9 - Benef\u00edcios FENATI","isPartOf":{"@id":"https:\/\/beneficios.fenati.org.br\/institucional\/#website"},"datePublished":"2025-06-26T18:05:10+00:00","dateModified":"2025-10-31T18:37:35+00:00","breadcrumb":{"@id":"https:\/\/beneficios.fenati.org.br\/institucional\/#breadcrumb"},"inLanguage":"pt-BR","potentialAction":[{"@type":"ReadAction","target":["https:\/\/beneficios.fenati.org.br\/institucional\/"]}]},{"@type":"BreadcrumbList","@id":"https:\/\/beneficios.fenati.org.br\/institucional\/#breadcrumb","itemListElement":[{"@type":"ListItem","position":1,"name":"Home","item":"https:\/\/beneficios.fenati.org.br\/institucional\/"},{"@type":"ListItem","position":2,"name":"O que \u00e9"}]},{"@type":"WebSite","@id":"https:\/\/beneficios.fenati.org.br\/institucional\/#website","url":"https:\/\/beneficios.fenati.org.br\/institucional\/","name":"Benef\u00edcios FENATI","description":"Clube de benef\u00edcios dos profissionais de TI","publisher":{"@id":"https:\/\/beneficios.fenati.org.br\/institucional\/#organization"},"potentialAction":[{"@type":"SearchAction","target":{"@type":"EntryPoint","urlTemplate":"https:\/\/beneficios.fenati.org.br\/institucional\/?s={search_term_string}"},"query-input":{"@type":"PropertyValueSpecification","valueRequired":true,"valueName":"search_term_string"}}],"inLanguage":"pt-BR"},{"@type":"Organization","@id":"https:\/\/beneficios.fenati.org.br\/institucional\/#organization","name":"Benef\u00edcios FENATI","url":"https:\/\/beneficios.fenati.org.br\/institucional\/","logo":{"@type":"ImageObject","inLanguage":"pt-BR","@id":"https:\/\/beneficios.fenati.org.br\/institucional\/#\/schema\/logo\/image\/","url":"https:\/\/beneficios.fenati.org.br\/institucional\/wp-content\/uploads\/2025\/06\/logo_300x50.webp","contentUrl":"https:\/\/beneficios.fenati.org.br\/institucional\/wp-content\/uploads\/2025\/06\/logo_300x50.webp","width":350,"height":50,"caption":"Benef\u00edcios FENATI"},"image":{"@id":"https:\/\/beneficios.fenati.org.br\/institucional\/#\/schema\/logo\/image\/"}}]}},"_links":{"self":[{"href":"https:\/\/beneficios.fenati.org.br\/institucional\/wp-json\/wp\/v2\/pages\/8","targetHints":{"allow":["GET"]}}],"collection":[{"href":"https:\/\/beneficios.fenati.org.br\/institucional\/wp-json\/wp\/v2\/pages"}],"about":[{"href":"https:\/\/beneficios.fenati.org.br\/institucional\/wp-json\/wp\/v2\/types\/page"}],"author":[{"embeddable":true,"href":"https:\/\/beneficios.fenati.org.br\/institucional\/wp-json\/wp\/v2\/users\/1"}],"replies":[{"embeddable":true,"href":"https:\/\/beneficios.fenati.org.br\/institucional\/wp-json\/wp\/v2\/comments?post=8"}],"version-history":[{"count":57,"href":"https:\/\/beneficios.fenati.org.br\/institucional\/wp-json\/wp\/v2\/pages\/8\/revisions"}],"predecessor-version":[{"id":212,"href":"https:\/\/beneficios.fenati.org.br\/institucional\/wp-json\/wp\/v2\/pages\/8\/revisions\/212"}],"wp:attachment":[{"href":"https:\/\/beneficios.fenati.org.br\/institucional\/wp-json\/wp\/v2\/media?parent=8"}],"curies":[{"name":"wp","href":"https:\/\/api.w.org\/{rel}","templated":true}]}}