{"id":147,"date":"2025-06-26T17:08:53","date_gmt":"2025-06-26T20:08:53","guid":{"rendered":"https:\/\/beneficios.fenati.org.br\/institucional\/?page_id=147"},"modified":"2026-01-20T12:42:45","modified_gmt":"2026-01-20T15:42:45","slug":"seja-um-parceiro","status":"publish","type":"page","link":"https:\/\/beneficios.fenati.org.br\/institucional\/seja-um-parceiro\/","title":{"rendered":"Seja um parceiro"},"content":{"rendered":"\t\t<div data-elementor-type=\"wp-page\" data-elementor-id=\"147\" class=\"elementor elementor-147\" data-elementor-post-type=\"page\">\n\t\t\t\t<div class=\"elementor-element elementor-element-5a1133b e-flex e-con-boxed e-con e-parent\" data-id=\"5a1133b\" data-element_type=\"container\">\n\t\t\t\t\t<div class=\"e-con-inner\">\n\t\t<div class=\"elementor-element elementor-element-456dad7 e-con-full e-flex e-con e-child\" data-id=\"456dad7\" data-element_type=\"container\">\n\t\t\t\t<div class=\"elementor-element elementor-element-a91a5ac elementor-widget elementor-widget-text-editor\" data-id=\"a91a5ac\" data-element_type=\"widget\" data-widget_type=\"text-editor.default\">\n\t\t\t\t<div class=\"elementor-widget-container\">\n\t\t\t\t\t\t\t\t\t<h3>Seja uma empresa parceira da FENATI e conquiste novos clientes!<\/h3><p>O Portal de Benef\u00edcios FENATI conecta empresas parceiras a uma base qualificada de associados que buscam por produtos e servi\u00e7os com condi\u00e7\u00f5es especiais. Ao tornar-se um parceiro, sua empresa ganha visibilidade, fortalece a marca e amplia as oportunidades de neg\u00f3cio com um p\u00fablico engajado.<\/p><h3>Vantagens de ser parceiro da FENATI:<\/h3><ul style=\"margin-bottom: 20px;\"><li>Divulga\u00e7\u00e3o gratuita no nosso portal de benef\u00edcios<\/li><li>Alcance direto a milhares de associados<\/li><li>Fortalecimento do relacionamento com a comunidade<\/li><\/ul><p>Se a sua empresa est\u00e1 interessada em participar, \u00e9 simples: preencha o formul\u00e1rio de ades\u00e3o e aguarde o contato da nossa equipe.<\/p><p>Junte-se \u00e0 FENATI e fa\u00e7a parte dessa rede de benef\u00edcios que gera valor para todos!<\/p>\t\t\t\t\t\t\t\t<\/div>\n\t\t\t\t<\/div>\n\t\t\t\t<div class=\"elementor-element elementor-element-672be66 elementor-widget elementor-widget-heading\" data-id=\"672be66\" data-element_type=\"widget\" data-widget_type=\"heading.default\">\n\t\t\t\t<div class=\"elementor-widget-container\">\n\t\t\t\t\t<h3 class=\"elementor-heading-title elementor-size-default\">Formul\u00e1rio de Parceria<\/h3>\t\t\t\t<\/div>\n\t\t\t\t<\/div>\n\t\t\t\t<div class=\"elementor-element elementor-element-e8ae26e elementor-button-align-stretch elementor-widget elementor-widget-form\" data-id=\"e8ae26e\" data-element_type=\"widget\" data-settings=\"{&quot;step_next_label&quot;:&quot;Pr\\u00f3ximo&quot;,&quot;step_previous_label&quot;:&quot;Anterior&quot;,&quot;button_width&quot;:&quot;100&quot;,&quot;step_type&quot;:&quot;number_text&quot;,&quot;step_icon_shape&quot;:&quot;circle&quot;}\" data-widget_type=\"form.default\">\n\t\t\t\t<div class=\"elementor-widget-container\">\n\t\t\t\t\t\t\t<form class=\"elementor-form\" method=\"post\" name=\"Formul\u00e1rio de Parceiro\" aria-label=\"Formul\u00e1rio de Parceiro\">\n\t\t\t<input type=\"hidden\" name=\"post_id\" value=\"147\"\/>\n\t\t\t<input type=\"hidden\" name=\"form_id\" value=\"e8ae26e\"\/>\n\t\t\t<input type=\"hidden\" name=\"referer_title\" value=\"Seja um parceiro - Benef\u00edcios FENATI\" \/>\n\n\t\t\t\t\t\t\t<input type=\"hidden\" name=\"queried_id\" value=\"147\"\/>\n\t\t\t\n\t\t\t<div class=\"elementor-form-fields-wrapper elementor-labels-\">\n\t\t\t\t\t\t\t\t<div class=\"elementor-field-type-text elementor-field-group elementor-column elementor-field-group-name elementor-col-100 elementor-field-required\">\n\t\t\t\t\t\t\t\t\t\t\t\t<label for=\"form-field-name\" class=\"elementor-field-label elementor-screen-only\">\n\t\t\t\t\t\t\t\tNome\t\t\t\t\t\t\t<\/label>\n\t\t\t\t\t\t\t\t\t\t\t\t\t\t<input size=\"1\" type=\"text\" name=\"form_fields[name]\" id=\"form-field-name\" class=\"elementor-field elementor-size-sm  elementor-field-textual\" placeholder=\"Nome\" required=\"required\">\n\t\t\t\t\t\t\t\t\t\t\t<\/div>\n\t\t\t\t\t\t\t\t<div class=\"elementor-field-type-text elementor-field-group elementor-column elementor-field-group-field_3db5067 elementor-col-100 elementor-field-required\">\n\t\t\t\t\t\t\t\t\t\t\t\t<label for=\"form-field-field_3db5067\" class=\"elementor-field-label elementor-screen-only\">\n\t\t\t\t\t\t\t\tEmpresa\t\t\t\t\t\t\t<\/label>\n\t\t\t\t\t\t\t\t\t\t\t\t\t\t<input size=\"1\" type=\"text\" name=\"form_fields[field_3db5067]\" id=\"form-field-field_3db5067\" class=\"elementor-field elementor-size-sm  elementor-field-textual\" placeholder=\"Empresa\" required=\"required\">\n\t\t\t\t\t\t\t\t\t\t\t<\/div>\n\t\t\t\t\t\t\t\t<div class=\"elementor-field-type-email elementor-field-group elementor-column elementor-field-group-email elementor-col-100 elementor-field-required\">\n\t\t\t\t\t\t\t\t\t\t\t\t<label for=\"form-field-email\" class=\"elementor-field-label elementor-screen-only\">\n\t\t\t\t\t\t\t\tEmail\t\t\t\t\t\t\t<\/label>\n\t\t\t\t\t\t\t\t\t\t\t\t\t\t<input size=\"1\" type=\"email\" name=\"form_fields[email]\" id=\"form-field-email\" class=\"elementor-field elementor-size-sm  elementor-field-textual\" placeholder=\"Email\" required=\"required\">\n\t\t\t\t\t\t\t\t\t\t\t<\/div>\n\t\t\t\t\t\t\t\t<div class=\"elementor-field-type-text elementor-field-group elementor-column elementor-field-group-field_f457e86 elementor-col-100 elementor-field-required\">\n\t\t\t\t\t\t\t\t\t\t\t\t<label for=\"form-field-field_f457e86\" class=\"elementor-field-label elementor-screen-only\">\n\t\t\t\t\t\t\t\tTelefone\/WhatsApp\t\t\t\t\t\t\t<\/label>\n\t\t\t\t\t\t\t\t\t\t\t\t\t\t<input size=\"1\" type=\"text\" name=\"form_fields[field_f457e86]\" id=\"form-field-field_f457e86\" class=\"elementor-field elementor-size-sm  fme-mask-input mask_control_@ev-phone money_mask_format_@ mask_prefix_@ mask_decimal_places_@ mask_time_mask_format_@ fme_phone_format_@phone_ddd9 credit_card_options_@ mask_auto_placeholder_@ fme_brazilian_formats_@ elementor-field-textual\" placeholder=\"Telefone\/WhatsApp\" required=\"required\" data-mask=\"ev-phone\">\n\t\t\t\t\t\t\t\t\t\t\t<\/div>\n\t\t\t\t\t\t\t\t<div class=\"elementor-field-type-textarea elementor-field-group elementor-column elementor-field-group-field_fbca03f elementor-col-100 elementor-field-required\">\n\t\t\t\t\t\t\t\t\t\t\t\t<label for=\"form-field-field_fbca03f\" class=\"elementor-field-label elementor-screen-only\">\n\t\t\t\t\t\t\t\tMensagem\t\t\t\t\t\t\t<\/label>\n\t\t\t\t\t\t<textarea class=\"elementor-field-textual elementor-field  elementor-size-sm\" name=\"form_fields[field_fbca03f]\" id=\"form-field-field_fbca03f\" rows=\"4\" placeholder=\"Mensagem\" required=\"required\"><\/textarea>\t\t\t\t<\/div>\n\t\t\t\t\t\t\t\t<div class=\"elementor-field-group elementor-column elementor-field-type-submit elementor-col-100 e-form__buttons\">\n\t\t\t\t\t<button class=\"elementor-button elementor-size-sm\" type=\"submit\">\n\t\t\t\t\t\t<span class=\"elementor-button-content-wrapper\">\n\t\t\t\t\t\t\t\t\t\t\t\t\t\t\t\t\t\t\t\t\t\t<span class=\"elementor-button-text\">Enviar<\/span>\n\t\t\t\t\t\t\t\t\t\t\t\t\t<\/span>\n\t\t\t\t\t<\/button>\n\t\t\t\t<\/div>\n\t\t\t<\/div>\n\t\t<\/form>\n\t\t\t\t\t\t<\/div>\n\t\t\t\t<\/div>\n\t\t\t\t<\/div>\n\t\t<div class=\"elementor-element elementor-element-9169fcf e-con-full e-flex e-con e-child\" data-id=\"9169fcf\" data-element_type=\"container\">\n\t\t\t\t<div class=\"elementor-element elementor-element-bf931cb elementor-widget elementor-widget-sidebar\" data-id=\"bf931cb\" data-element_type=\"widget\" data-widget_type=\"sidebar.default\">\n\t\t\t\t<div class=\"elementor-widget-container\">\n\t\t\t\t\t<li id=\"block-7\" class=\"widget widget_block widget_media_image\">\n<figure class=\"wp-block-image size-full\"><img fetchpriority=\"high\" decoding=\"async\" fetchpriority=\"high\" width=\"320\" height=\"420\" src=\"https:\/\/beneficios.fenati.org.br\/institucional\/wp-content\/uploads\/2025\/06\/banner-colonia-vertical-1.png\" alt=\"\" class=\"wp-image-126\" srcset=\"https:\/\/beneficios.fenati.org.br\/institucional\/wp-content\/uploads\/2025\/06\/banner-colonia-vertical-1.png 320w, https:\/\/beneficios.fenati.org.br\/institucional\/wp-content\/uploads\/2025\/06\/banner-colonia-vertical-1-229x300.png 229w\" sizes=\"(max-width: 320px) 100vw, 320px\" \/><\/figure>\n<\/li>\n\t\t\t\t<\/div>\n\t\t\t\t<\/div>\n\t\t\t\t<\/div>\n\t\t\t\t\t<\/div>\n\t\t\t\t<\/div>\n\t\t\t\t<\/div>\n\t\t","protected":false},"excerpt":{"rendered":"<p>Seja uma empresa parceira da FENATI e conquiste novos clientes! O Portal de Benef\u00edcios FENATI conecta empresas parceiras a uma base qualificada de associados que buscam por produtos e servi\u00e7os com condi\u00e7\u00f5es especiais. Ao tornar-se um parceiro, sua empresa ganha visibilidade, fortalece a marca e amplia as oportunidades de neg\u00f3cio com um p\u00fablico engajado. Vantagens [&hellip;]<\/p>\n","protected":false},"author":1,"featured_media":0,"parent":0,"menu_order":0,"comment_status":"closed","ping_status":"closed","template":"","meta":{"footnotes":""},"class_list":["post-147","page","type-page","status-publish","hentry"],"yoast_head":"<!-- This site is optimized with the Yoast SEO plugin v26.8 - https:\/\/yoast.com\/product\/yoast-seo-wordpress\/ -->\n<title>Seja um parceiro - Benef\u00edcios FENATI<\/title>\n<meta name=\"robots\" content=\"index, follow, max-snippet:-1, max-image-preview:large, max-video-preview:-1\" \/>\n<link rel=\"canonical\" href=\"https:\/\/beneficios.fenati.org.br\/institucional\/seja-um-parceiro\/\" \/>\n<meta property=\"og:locale\" content=\"pt_BR\" \/>\n<meta property=\"og:type\" content=\"article\" \/>\n<meta property=\"og:title\" content=\"Seja um parceiro - Benef\u00edcios FENATI\" \/>\n<meta property=\"og:description\" content=\"Seja uma empresa parceira da FENATI e conquiste novos clientes! O Portal de Benef\u00edcios FENATI conecta empresas parceiras a uma base qualificada de associados que buscam por produtos e servi\u00e7os com condi\u00e7\u00f5es especiais. Ao tornar-se um parceiro, sua empresa ganha visibilidade, fortalece a marca e amplia as oportunidades de neg\u00f3cio com um p\u00fablico engajado. Vantagens [&hellip;]\" \/>\n<meta property=\"og:url\" content=\"https:\/\/beneficios.fenati.org.br\/institucional\/seja-um-parceiro\/\" \/>\n<meta property=\"og:site_name\" content=\"Benef\u00edcios FENATI\" \/>\n<meta property=\"article:modified_time\" content=\"2026-01-20T15:42:45+00:00\" \/>\n<meta name=\"twitter:card\" content=\"summary_large_image\" \/>\n<meta name=\"twitter:label1\" content=\"Est. tempo de leitura\" \/>\n\t<meta name=\"twitter:data1\" content=\"1 minuto\" \/>\n<script type=\"application\/ld+json\" class=\"yoast-schema-graph\">{\"@context\":\"https:\/\/schema.org\",\"@graph\":[{\"@type\":\"WebPage\",\"@id\":\"https:\/\/beneficios.fenati.org.br\/institucional\/seja-um-parceiro\/\",\"url\":\"https:\/\/beneficios.fenati.org.br\/institucional\/seja-um-parceiro\/\",\"name\":\"Seja um parceiro - Benef\u00edcios FENATI\",\"isPartOf\":{\"@id\":\"https:\/\/beneficios.fenati.org.br\/institucional\/#website\"},\"datePublished\":\"2025-06-26T20:08:53+00:00\",\"dateModified\":\"2026-01-20T15:42:45+00:00\",\"breadcrumb\":{\"@id\":\"https:\/\/beneficios.fenati.org.br\/institucional\/seja-um-parceiro\/#breadcrumb\"},\"inLanguage\":\"pt-BR\",\"potentialAction\":[{\"@type\":\"ReadAction\",\"target\":[\"https:\/\/beneficios.fenati.org.br\/institucional\/seja-um-parceiro\/\"]}]},{\"@type\":\"BreadcrumbList\",\"@id\":\"https:\/\/beneficios.fenati.org.br\/institucional\/seja-um-parceiro\/#breadcrumb\",\"itemListElement\":[{\"@type\":\"ListItem\",\"position\":1,\"name\":\"Home\",\"item\":\"https:\/\/beneficios.fenati.org.br\/institucional\/\"},{\"@type\":\"ListItem\",\"position\":2,\"name\":\"Seja um parceiro\"}]},{\"@type\":\"WebSite\",\"@id\":\"https:\/\/beneficios.fenati.org.br\/institucional\/#website\",\"url\":\"https:\/\/beneficios.fenati.org.br\/institucional\/\",\"name\":\"Benef\u00edcios FENATI\",\"description\":\"Clube de benef\u00edcios dos profissionais de TI\",\"publisher\":{\"@id\":\"https:\/\/beneficios.fenati.org.br\/institucional\/#organization\"},\"potentialAction\":[{\"@type\":\"SearchAction\",\"target\":{\"@type\":\"EntryPoint\",\"urlTemplate\":\"https:\/\/beneficios.fenati.org.br\/institucional\/?s={search_term_string}\"},\"query-input\":{\"@type\":\"PropertyValueSpecification\",\"valueRequired\":true,\"valueName\":\"search_term_string\"}}],\"inLanguage\":\"pt-BR\"},{\"@type\":\"Organization\",\"@id\":\"https:\/\/beneficios.fenati.org.br\/institucional\/#organization\",\"name\":\"Benef\u00edcios FENATI\",\"url\":\"https:\/\/beneficios.fenati.org.br\/institucional\/\",\"logo\":{\"@type\":\"ImageObject\",\"inLanguage\":\"pt-BR\",\"@id\":\"https:\/\/beneficios.fenati.org.br\/institucional\/#\/schema\/logo\/image\/\",\"url\":\"https:\/\/beneficios.fenati.org.br\/institucional\/wp-content\/uploads\/2025\/06\/logo_300x50.webp\",\"contentUrl\":\"https:\/\/beneficios.fenati.org.br\/institucional\/wp-content\/uploads\/2025\/06\/logo_300x50.webp\",\"width\":350,\"height\":50,\"caption\":\"Benef\u00edcios FENATI\"},\"image\":{\"@id\":\"https:\/\/beneficios.fenati.org.br\/institucional\/#\/schema\/logo\/image\/\"}}]}<\/script>\n<!-- \/ Yoast SEO plugin. -->","yoast_head_json":{"title":"Seja um parceiro - Benef\u00edcios FENATI","robots":{"index":"index","follow":"follow","max-snippet":"max-snippet:-1","max-image-preview":"max-image-preview:large","max-video-preview":"max-video-preview:-1"},"canonical":"https:\/\/beneficios.fenati.org.br\/institucional\/seja-um-parceiro\/","og_locale":"pt_BR","og_type":"article","og_title":"Seja um parceiro - Benef\u00edcios FENATI","og_description":"Seja uma empresa parceira da FENATI e conquiste novos clientes! O Portal de Benef\u00edcios FENATI conecta empresas parceiras a uma base qualificada de associados que buscam por produtos e servi\u00e7os com condi\u00e7\u00f5es especiais. Ao tornar-se um parceiro, sua empresa ganha visibilidade, fortalece a marca e amplia as oportunidades de neg\u00f3cio com um p\u00fablico engajado. Vantagens [&hellip;]","og_url":"https:\/\/beneficios.fenati.org.br\/institucional\/seja-um-parceiro\/","og_site_name":"Benef\u00edcios FENATI","article_modified_time":"2026-01-20T15:42:45+00:00","twitter_card":"summary_large_image","twitter_misc":{"Est. tempo de leitura":"1 minuto"},"schema":{"@context":"https:\/\/schema.org","@graph":[{"@type":"WebPage","@id":"https:\/\/beneficios.fenati.org.br\/institucional\/seja-um-parceiro\/","url":"https:\/\/beneficios.fenati.org.br\/institucional\/seja-um-parceiro\/","name":"Seja um parceiro - Benef\u00edcios FENATI","isPartOf":{"@id":"https:\/\/beneficios.fenati.org.br\/institucional\/#website"},"datePublished":"2025-06-26T20:08:53+00:00","dateModified":"2026-01-20T15:42:45+00:00","breadcrumb":{"@id":"https:\/\/beneficios.fenati.org.br\/institucional\/seja-um-parceiro\/#breadcrumb"},"inLanguage":"pt-BR","potentialAction":[{"@type":"ReadAction","target":["https:\/\/beneficios.fenati.org.br\/institucional\/seja-um-parceiro\/"]}]},{"@type":"BreadcrumbList","@id":"https:\/\/beneficios.fenati.org.br\/institucional\/seja-um-parceiro\/#breadcrumb","itemListElement":[{"@type":"ListItem","position":1,"name":"Home","item":"https:\/\/beneficios.fenati.org.br\/institucional\/"},{"@type":"ListItem","position":2,"name":"Seja um parceiro"}]},{"@type":"WebSite","@id":"https:\/\/beneficios.fenati.org.br\/institucional\/#website","url":"https:\/\/beneficios.fenati.org.br\/institucional\/","name":"Benef\u00edcios FENATI","description":"Clube de benef\u00edcios dos profissionais de TI","publisher":{"@id":"https:\/\/beneficios.fenati.org.br\/institucional\/#organization"},"potentialAction":[{"@type":"SearchAction","target":{"@type":"EntryPoint","urlTemplate":"https:\/\/beneficios.fenati.org.br\/institucional\/?s={search_term_string}"},"query-input":{"@type":"PropertyValueSpecification","valueRequired":true,"valueName":"search_term_string"}}],"inLanguage":"pt-BR"},{"@type":"Organization","@id":"https:\/\/beneficios.fenati.org.br\/institucional\/#organization","name":"Benef\u00edcios FENATI","url":"https:\/\/beneficios.fenati.org.br\/institucional\/","logo":{"@type":"ImageObject","inLanguage":"pt-BR","@id":"https:\/\/beneficios.fenati.org.br\/institucional\/#\/schema\/logo\/image\/","url":"https:\/\/beneficios.fenati.org.br\/institucional\/wp-content\/uploads\/2025\/06\/logo_300x50.webp","contentUrl":"https:\/\/beneficios.fenati.org.br\/institucional\/wp-content\/uploads\/2025\/06\/logo_300x50.webp","width":350,"height":50,"caption":"Benef\u00edcios FENATI"},"image":{"@id":"https:\/\/beneficios.fenati.org.br\/institucional\/#\/schema\/logo\/image\/"}}]}},"_links":{"self":[{"href":"https:\/\/beneficios.fenati.org.br\/institucional\/wp-json\/wp\/v2\/pages\/147","targetHints":{"allow":["GET"]}}],"collection":[{"href":"https:\/\/beneficios.fenati.org.br\/institucional\/wp-json\/wp\/v2\/pages"}],"about":[{"href":"https:\/\/beneficios.fenati.org.br\/institucional\/wp-json\/wp\/v2\/types\/page"}],"author":[{"embeddable":true,"href":"https:\/\/beneficios.fenati.org.br\/institucional\/wp-json\/wp\/v2\/users\/1"}],"replies":[{"embeddable":true,"href":"https:\/\/beneficios.fenati.org.br\/institucional\/wp-json\/wp\/v2\/comments?post=147"}],"version-history":[{"count":55,"href":"https:\/\/beneficios.fenati.org.br\/institucional\/wp-json\/wp\/v2\/pages\/147\/revisions"}],"predecessor-version":[{"id":226,"href":"https:\/\/beneficios.fenati.org.br\/institucional\/wp-json\/wp\/v2\/pages\/147\/revisions\/226"}],"wp:attachment":[{"href":"https:\/\/beneficios.fenati.org.br\/institucional\/wp-json\/wp\/v2\/media?parent=147"}],"curies":[{"name":"wp","href":"https:\/\/api.w.org\/{rel}","templated":true}]}}